{"id":25727,"date":"2026-03-24T13:20:08","date_gmt":"2026-03-24T13:20:08","guid":{"rendered":"https:\/\/litrax.ch\/?post_type=product&#038;p=25727"},"modified":"2026-04-09T23:07:00","modified_gmt":"2026-04-09T23:07:00","slug":"letto-rialzato-lia-hydro-4-kopie","status":"publish","type":"product","link":"https:\/\/litrax.ch\/it\/shop\/letto-rialzato-lia-hydro-4-kopie\/","title":{"rendered":"LIORA Letto rialzato idro 3"},"content":{"rendered":"<p dir=\"auto\"><strong>LIORA Letto rialzato idro 3<\/strong><\/p>\n<p dir=\"auto\"><strong>Il giardino idroponico auto-irrigante a 3 livelli \u2013 mobile, elegante e facilissimo da curare<\/strong><\/p>\n<p dir=\"auto\">Erbe aromatiche fresche, fiori colorati o verdure croccanti \u2013 e tutto questo senza annaffiare ogni giorno.<\/p>\n<p dir=\"auto\">Il <strong>LIORA Hydro Hochbeet 3<\/strong> \u00e8 l&#8217;intelligente sistema di auto-irrigazione a 3 livelli che rende davvero verde il tuo balcone, il terrazzo o l&#8217;appartamento. Il vaso interno poggia su un proprio serbatoio d&#8217;acqua per ogni piano. Cos\u00ec, le speciali micce aspirano l&#8217;acqua automaticamente verso l&#8217;alto, esattamente quando le piante ne hanno bisogno. Vedi subito il livello dell&#8217;acqua attraverso le finestre trasparenti e ti basta rabboccare \u2013 fatto.   <\/p>\n<p dir=\"auto\">Con un&#8217;altezza totale di soli 113 cm e ruote stabili, l&#8217;aiuola rialzata \u00e8 flessibile e mobile. Per questo puoi spostarla facilmente dalla cucina al balcone o in soggiorno. I tre ampi livelli offrono spazio a sufficienza per una rigogliosa variet\u00e0 di piante \u2013 il tutto in un elegante bianco che si adatta a ogni ambiente.  <\/p>\n<h3 dir=\"auto\">Caratteristiche principali<\/h3>\n<ul dir=\"auto\">\n<li><strong>Sistema auto-irrigante a stoppino<\/strong> Gli stoppini forniscono acqua alle radici in modo uniforme. Cos\u00ec non ci sono pi\u00f9 ristagni d&#8217;acqua n\u00e9 siccit\u00e0. <\/li>\n<li><strong>Finestre trasparenti per il livello dell&#8217;acqua<\/strong> In ogni piano vedi a colpo d&#8217;occhio quando \u00e8 necessario aggiungere acqua. Cos\u00ec la cura rimane un gioco da ragazzi. <\/li>\n<li><strong>Pratico ingresso dell&#8217;acqua<\/strong> Rabboccare \u00e8 veloce e pulito \u2013 basta versare l&#8217;acqua e il gioco \u00e8 fatto.<\/li>\n<li><strong>Ruote stabili per la mobilit\u00e0<\/strong> L&#8217;orto rialzato si sposta senza fatica. Per questo si adatta perfettamente al balcone, alla terrazza o all&#8217;appartamento. <\/li>\n<li><strong>Tre ampi livelli<\/strong> Ogni piano offre spazio in abbondanza per erbe aromatiche, insalate, fiori o piccole piante di ortaggi.<\/li>\n<\/ul>\n<p dir=\"auto\"><strong>Semplice &amp; robusto<\/strong><\/p>\n<ul dir=\"auto\">\n<li>Dimensioni compatte (52 x 28 x 113 cm) \u2013 si adatta quasi ovunque<\/li>\n<li>Peso leggero di soli 3,3 kg<\/li>\n<li>Plastica robusta di qualit\u00e0 in bianco<\/li>\n<li>Veloce da montare e subito pronto all&#8217;uso<\/li>\n<\/ul>\n<p dir=\"auto\"><strong>Per chi \u00e8 perfetto il LIORA Hydro Hochbeet 3?<\/strong><\/p>\n<ul dir=\"auto\">\n<li>Per tutti coloro che vogliono molte piante, ma hanno poco tempo per annaffiare<\/li>\n<li>Per i principianti che cercano un sistema idroponico semplice e affidabile<\/li>\n<li>Per le famiglie che vogliono rendere pi\u00f9 verdi e belli il balcone, la cucina o il soggiorno<\/li>\n<li>Per tutti coloro che hanno bisogno di un orto rialzato mobile ed elegante per la vita di tutti i giorni<\/li>\n<\/ul>\n<p dir=\"auto\"><strong>Le tue piante si nutrono quasi da sole.<\/strong><\/p>\n<p dir=\"auto\"><strong>Scoprilo ora<\/strong> Trasforma la tua casa o il tuo balcone in un&#8217;oasi verde. Con il LIORA Hydro Hochbeet 3 ti godi piante sane e splendide \u2013 senza stress e con il minimo sforzo. <\/p>\n<p dir=\"auto\"><strong>Assicurati il tuo LIORA Hydro Hochbeet 3<\/strong><\/p>\n<p dir=\"auto\"><strong>Semplice. Pratico. Sempre verde.  <\/strong><\/p>\n","protected":false},"excerpt":{"rendered":"<p>LIORA Letto rialzato idro 3 Il giardino idroponico auto-irrigante a 3 livelli \u2013 mobile, elegante e facilissimo da curare Erbe aromatiche fresche, fiori colorati o verdure croccanti \u2013 e tutto questo senza annaffiare ogni giorno. Il LIORA Hydro Hochbeet 3 \u00e8 l&#8217;intelligente sistema di auto-irrigazione a 3 livelli che rende davvero verde il tuo balcone, [&hellip;]<\/p>\n","protected":false},"featured_media":25769,"comment_status":"open","ping_status":"closed","template":"","meta":[],"product_brand":[],"product_cat":[152],"product_tag":[794,795],"class_list":{"0":"post-25727","1":"product","2":"type-product","3":"status-publish","4":"has-post-thumbnail","6":"product_cat-idrocoltura","7":"product_tag-auto-irrigazione","8":"product_tag-pentola-2-in-1","10":"first","11":"instock","12":"taxable","13":"shipping-taxable","14":"purchasable","15":"product-type-simple"},"yoast_head":"<!-- This site is optimized with the Yoast SEO Premium plugin v26.7 (Yoast SEO v27.4) - https:\/\/yoast.com\/product\/yoast-seo-premium-wordpress\/ -->\n<title>LIORA Letto rialzato idro 3 \u2013 Auto-irrigante su 3 livelli e con ruote<\/title>\n<meta name=\"description\" content=\"Scopri la perfetta combinazione di design e tecnologia con il letto rialzato LIORA Hydro 3! Il giardinaggio non \u00e8 mai stato cos\u00ec facile: ordina ora!\" \/>\n<meta name=\"robots\" content=\"index, follow, max-snippet:-1, max-image-preview:large, max-video-preview:-1\" \/>\n<link rel=\"canonical\" href=\"https:\/\/litrax.ch\/it\/shop\/letto-rialzato-lia-hydro-4-kopie\/\" \/>\n<meta property=\"og:locale\" content=\"it_IT\" \/>\n<meta property=\"og:type\" content=\"article\" \/>\n<meta property=\"og:title\" content=\"LIORA Letto rialzato idro 3\" \/>\n<meta property=\"og:description\" content=\"Scopri la perfetta combinazione di design e tecnologia con il letto rialzato LIORA Hydro 3! Il giardinaggio non \u00e8 mai stato cos\u00ec facile: ordina ora!\" \/>\n<meta property=\"og:url\" content=\"https:\/\/litrax.ch\/it\/shop\/letto-rialzato-lia-hydro-4-kopie\/\" \/>\n<meta property=\"og:site_name\" content=\"Litrax - Hydroponische Systeme\" \/>\n<meta property=\"article:publisher\" content=\"https:\/\/www.facebook.com\/Litrax.ch\" \/>\n<meta property=\"article:modified_time\" content=\"2026-04-09T23:07:00+00:00\" \/>\n<meta property=\"og:image\" content=\"https:\/\/litrax.ch\/wp-content\/uploads\/2026\/03\/LD202-03-main1.jpg\" \/>\n\t<meta property=\"og:image:width\" content=\"1152\" \/>\n\t<meta property=\"og:image:height\" content=\"896\" \/>\n\t<meta property=\"og:image:type\" content=\"image\/jpeg\" \/>\n<meta name=\"twitter:card\" content=\"summary_large_image\" \/>\n<meta name=\"twitter:label1\" content=\"Prezzo\" \/>\n\t<meta name=\"twitter:data1\" content=\"&#067;&#072;&#070;&nbsp;139.00\" \/>\n\t<meta name=\"twitter:label2\" content=\"Disponibilit\u00e0\" \/>\n\t<meta name=\"twitter:data2\" content=\"In stock\" \/>\n<script type=\"application\/ld+json\" class=\"yoast-schema-graph\">{\"@context\":\"https:\\\/\\\/schema.org\",\"@graph\":[{\"@type\":\"WebPage\",\"@id\":\"https:\\\/\\\/litrax.ch\\\/it\\\/shop\\\/letto-rialzato-lia-hydro-4-kopie\\\/\",\"url\":\"https:\\\/\\\/litrax.ch\\\/it\\\/shop\\\/letto-rialzato-lia-hydro-4-kopie\\\/\",\"name\":\"LIORA Letto rialzato idro 3 \u2013 Auto-irrigante su 3 livelli e con ruote\",\"isPartOf\":{\"@id\":\"https:\\\/\\\/litrax.ch\\\/it\\\/#website\"},\"primaryImageOfPage\":{\"@id\":\"https:\\\/\\\/litrax.ch\\\/it\\\/shop\\\/letto-rialzato-lia-hydro-4-kopie\\\/#primaryimage\"},\"image\":{\"@id\":\"https:\\\/\\\/litrax.ch\\\/it\\\/shop\\\/letto-rialzato-lia-hydro-4-kopie\\\/#primaryimage\"},\"thumbnailUrl\":\"https:\\\/\\\/litrax.ch\\\/wp-content\\\/uploads\\\/2026\\\/03\\\/LD202-03-main1.jpg\",\"datePublished\":\"2026-03-24T13:20:08+00:00\",\"dateModified\":\"2026-04-09T23:07:00+00:00\",\"description\":\"Scopri la perfetta combinazione di design e tecnologia con il letto rialzato LIORA Hydro 3! Il giardinaggio non \u00e8 mai stato cos\u00ec facile: ordina ora!\",\"breadcrumb\":{\"@id\":\"https:\\\/\\\/litrax.ch\\\/it\\\/shop\\\/letto-rialzato-lia-hydro-4-kopie\\\/#breadcrumb\"},\"inLanguage\":\"it-IT\",\"potentialAction\":[{\"@type\":\"ReadAction\",\"target\":[\"https:\\\/\\\/litrax.ch\\\/it\\\/shop\\\/letto-rialzato-lia-hydro-4-kopie\\\/\"]}]},{\"@type\":\"ImageObject\",\"inLanguage\":\"it-IT\",\"@id\":\"https:\\\/\\\/litrax.ch\\\/it\\\/shop\\\/letto-rialzato-lia-hydro-4-kopie\\\/#primaryimage\",\"url\":\"https:\\\/\\\/litrax.ch\\\/wp-content\\\/uploads\\\/2026\\\/03\\\/LD202-03-main1.jpg\",\"contentUrl\":\"https:\\\/\\\/litrax.ch\\\/wp-content\\\/uploads\\\/2026\\\/03\\\/LD202-03-main1.jpg\",\"width\":1152,\"height\":896},{\"@type\":\"BreadcrumbList\",\"@id\":\"https:\\\/\\\/litrax.ch\\\/it\\\/shop\\\/letto-rialzato-lia-hydro-4-kopie\\\/#breadcrumb\",\"itemListElement\":[{\"@type\":\"ListItem\",\"position\":1,\"name\":\"Startseite\",\"item\":\"https:\\\/\\\/litrax.ch\\\/it\\\/casa\\\/\"},{\"@type\":\"ListItem\",\"position\":2,\"name\":\"Negozio\",\"item\":\"https:\\\/\\\/litrax.ch\\\/it\\\/negozio\\\/\"},{\"@type\":\"ListItem\",\"position\":3,\"name\":\"LIORA Letto rialzato idro 3\"}]},{\"@type\":\"WebSite\",\"@id\":\"https:\\\/\\\/litrax.ch\\\/it\\\/#website\",\"url\":\"https:\\\/\\\/litrax.ch\\\/it\\\/\",\"name\":\"Litrax - Hydroponische Systeme\",\"description\":\"Erlebe Hydroponik - der erdlose Gartengenuss.\",\"publisher\":{\"@id\":\"https:\\\/\\\/litrax.ch\\\/it\\\/#organization\"},\"alternateName\":\"Litrax\",\"potentialAction\":[{\"@type\":\"SearchAction\",\"target\":{\"@type\":\"EntryPoint\",\"urlTemplate\":\"https:\\\/\\\/litrax.ch\\\/it\\\/?s={search_term_string}\"},\"query-input\":{\"@type\":\"PropertyValueSpecification\",\"valueRequired\":true,\"valueName\":\"search_term_string\"}}],\"inLanguage\":\"it-IT\"},{\"@type\":\"Organization\",\"@id\":\"https:\\\/\\\/litrax.ch\\\/it\\\/#organization\",\"name\":\"Litrax - Hydroponische Systeme\",\"alternateName\":\"Litrax\",\"url\":\"https:\\\/\\\/litrax.ch\\\/it\\\/\",\"logo\":{\"@type\":\"ImageObject\",\"inLanguage\":\"it-IT\",\"@id\":\"https:\\\/\\\/litrax.ch\\\/it\\\/#\\\/schema\\\/logo\\\/image\\\/\",\"url\":\"https:\\\/\\\/litrax.ch\\\/wp-content\\\/uploads\\\/2024\\\/03\\\/facivon.png\",\"contentUrl\":\"https:\\\/\\\/litrax.ch\\\/wp-content\\\/uploads\\\/2024\\\/03\\\/facivon.png\",\"width\":150,\"height\":150,\"caption\":\"Litrax - Hydroponische Systeme\"},\"image\":{\"@id\":\"https:\\\/\\\/litrax.ch\\\/it\\\/#\\\/schema\\\/logo\\\/image\\\/\"},\"sameAs\":[\"https:\\\/\\\/www.facebook.com\\\/Litrax.ch\",\"https:\\\/\\\/www.instagram.com\\\/litrax.ch\\\/\",\"https:\\\/\\\/www.tiktok.com\\\/@litrax.ch\"],\"description\":\"Willkommen bei Litrax \u2013 Ihrem f\u00fchrenden Online-Shop f\u00fcr hochwertige hydroponische Gartensysteme! Wir bieten eine breite Palette an L\u00f6sungen f\u00fcr Privatpersonen, Restaurants und industrielle Gro\u00dfsysteme, um Ihnen zu helfen, Ihre eigene gr\u00fcne Oase zu schaffen, unabh\u00e4ngig von Ihrem Bedarf oder Ihrer Gr\u00f6\u00dfe. F\u00fcr Haushalte\\\/B\u00fcros: Entdecken Sie die Freude am G\u00e4rtnern in Ihrem eigenen Zuhause mit unseren einfach zu bedienenden hydroponischen Gartensystemen. Egal, ob Sie auf einem Balkon, einer Terrasse oder in Ihrem Wohnzimmer g\u00e4rtnern m\u00f6chten \u2013 wir haben das passende System f\u00fcr Sie. Genie\u00dfen Sie frisches Gem\u00fcse, aromatische Kr\u00e4uter und farbenfrohe Blumen das ganze Jahr \u00fcber, direkt aus Ihrem hydroponischen Garten. F\u00fcr Restaurants: Steigern Sie die Qualit\u00e4t Ihrer Gerichte und beeindrucken Sie Ihre G\u00e4ste mit frischen, geschmacksintensiven Zutaten aus unserem Sortiment an hydroponischen Gartensystemen f\u00fcr den gastronomischen Bereich. Unsere Systeme sind platzsparend, effizient und einfach zu bedienen, so dass Sie Ihre eigenen Zutaten direkt in Ihrer K\u00fcche anbauen k\u00f6nnen. Erleben Sie die Freude an nachhaltigem G\u00e4rtnern und lassen Sie Ihre kulinarischen Kreationen erstrahlen. Industrielle Gro\u00dfsysteme: Optimieren Sie Ihre landwirtschaftliche Produktion mit unseren ma\u00dfgeschneiderten hydroponischen Gro\u00dfsystemen. Von vertikalen Farmen bis hin zu automatisierten Anlagen bieten wir skalierbare L\u00f6sungen f\u00fcr maximale Effizienz und Produktivit\u00e4t. Nutzen Sie die Vorteile der hydroponischen Landwirtschaft, um Ihre Ernteertr\u00e4ge zu steigern, Platz zu sparen und Ressourcen zu optimieren. Erfahren Sie, wie unsere Systeme die Zukunft der industriellen Landwirtschaft gestalten k\u00f6nnen. Bei Litrax legen wir Wert auf Qualit\u00e4t und Kundenzufriedenheit. Unsere Produkte sind sorgf\u00e4ltig ausgew\u00e4hlt, um Ihnen die besten Ergebnisse zu garantieren, und wir bieten sie zu g\u00fcnstigen Preisen an. Dank unseres eigenen Lagers in der Schweiz k\u00f6nnen wir Ihnen eine schnelle Lieferung am n\u00e4chsten Tag garantieren.\",\"legalName\":\"Resyx GmbH\",\"foundingDate\":\"2022-12-22\",\"numberOfEmployees\":{\"@type\":\"QuantitativeValue\",\"minValue\":\"1\",\"maxValue\":\"10\"}}]}<\/script>\n<meta property=\"product:price:amount\" content=\"139.00\" \/>\n<meta property=\"product:price:currency\" content=\"CHF\" \/>\n<meta property=\"og:availability\" content=\"instock\" \/>\n<meta property=\"product:availability\" content=\"instock\" \/>\n<meta property=\"product:retailer_item_id\" content=\"LD202-03\" \/>\n<meta property=\"product:condition\" content=\"new\" \/>\n<!-- \/ Yoast SEO Premium plugin. -->","yoast_head_json":{"title":"LIORA Letto rialzato idro 3 \u2013 Auto-irrigante su 3 livelli e con ruote","description":"Scopri la perfetta combinazione di design e tecnologia con il letto rialzato LIORA Hydro 3! Il giardinaggio non \u00e8 mai stato cos\u00ec facile: ordina ora!","robots":{"index":"index","follow":"follow","max-snippet":"max-snippet:-1","max-image-preview":"max-image-preview:large","max-video-preview":"max-video-preview:-1"},"canonical":"https:\/\/litrax.ch\/it\/shop\/letto-rialzato-lia-hydro-4-kopie\/","og_locale":"it_IT","og_type":"article","og_title":"LIORA Letto rialzato idro 3","og_description":"Scopri la perfetta combinazione di design e tecnologia con il letto rialzato LIORA Hydro 3! Il giardinaggio non \u00e8 mai stato cos\u00ec facile: ordina ora!","og_url":"https:\/\/litrax.ch\/it\/shop\/letto-rialzato-lia-hydro-4-kopie\/","og_site_name":"Litrax - Hydroponische Systeme","article_publisher":"https:\/\/www.facebook.com\/Litrax.ch","article_modified_time":"2026-04-09T23:07:00+00:00","og_image":[{"width":1152,"height":896,"url":"https:\/\/litrax.ch\/wp-content\/uploads\/2026\/03\/LD202-03-main1.jpg","type":"image\/jpeg"}],"twitter_card":"summary_large_image","twitter_misc":{"Prezzo":"&#67;&#72;&#70;&nbsp;139.00","Disponibilit\u00e0":"In stock"},"schema":{"@context":"https:\/\/schema.org","@graph":[{"@type":"WebPage","@id":"https:\/\/litrax.ch\/it\/shop\/letto-rialzato-lia-hydro-4-kopie\/","url":"https:\/\/litrax.ch\/it\/shop\/letto-rialzato-lia-hydro-4-kopie\/","name":"LIORA Letto rialzato idro 3 \u2013 Auto-irrigante su 3 livelli e con ruote","isPartOf":{"@id":"https:\/\/litrax.ch\/it\/#website"},"primaryImageOfPage":{"@id":"https:\/\/litrax.ch\/it\/shop\/letto-rialzato-lia-hydro-4-kopie\/#primaryimage"},"image":{"@id":"https:\/\/litrax.ch\/it\/shop\/letto-rialzato-lia-hydro-4-kopie\/#primaryimage"},"thumbnailUrl":"https:\/\/litrax.ch\/wp-content\/uploads\/2026\/03\/LD202-03-main1.jpg","datePublished":"2026-03-24T13:20:08+00:00","dateModified":"2026-04-09T23:07:00+00:00","description":"Scopri la perfetta combinazione di design e tecnologia con il letto rialzato LIORA Hydro 3! Il giardinaggio non \u00e8 mai stato cos\u00ec facile: ordina ora!","breadcrumb":{"@id":"https:\/\/litrax.ch\/it\/shop\/letto-rialzato-lia-hydro-4-kopie\/#breadcrumb"},"inLanguage":"it-IT","potentialAction":[{"@type":"ReadAction","target":["https:\/\/litrax.ch\/it\/shop\/letto-rialzato-lia-hydro-4-kopie\/"]}]},{"@type":"ImageObject","inLanguage":"it-IT","@id":"https:\/\/litrax.ch\/it\/shop\/letto-rialzato-lia-hydro-4-kopie\/#primaryimage","url":"https:\/\/litrax.ch\/wp-content\/uploads\/2026\/03\/LD202-03-main1.jpg","contentUrl":"https:\/\/litrax.ch\/wp-content\/uploads\/2026\/03\/LD202-03-main1.jpg","width":1152,"height":896},{"@type":"BreadcrumbList","@id":"https:\/\/litrax.ch\/it\/shop\/letto-rialzato-lia-hydro-4-kopie\/#breadcrumb","itemListElement":[{"@type":"ListItem","position":1,"name":"Startseite","item":"https:\/\/litrax.ch\/it\/casa\/"},{"@type":"ListItem","position":2,"name":"Negozio","item":"https:\/\/litrax.ch\/it\/negozio\/"},{"@type":"ListItem","position":3,"name":"LIORA Letto rialzato idro 3"}]},{"@type":"WebSite","@id":"https:\/\/litrax.ch\/it\/#website","url":"https:\/\/litrax.ch\/it\/","name":"Litrax - Hydroponische Systeme","description":"Erlebe Hydroponik - der erdlose Gartengenuss.","publisher":{"@id":"https:\/\/litrax.ch\/it\/#organization"},"alternateName":"Litrax","potentialAction":[{"@type":"SearchAction","target":{"@type":"EntryPoint","urlTemplate":"https:\/\/litrax.ch\/it\/?s={search_term_string}"},"query-input":{"@type":"PropertyValueSpecification","valueRequired":true,"valueName":"search_term_string"}}],"inLanguage":"it-IT"},{"@type":"Organization","@id":"https:\/\/litrax.ch\/it\/#organization","name":"Litrax - Hydroponische Systeme","alternateName":"Litrax","url":"https:\/\/litrax.ch\/it\/","logo":{"@type":"ImageObject","inLanguage":"it-IT","@id":"https:\/\/litrax.ch\/it\/#\/schema\/logo\/image\/","url":"https:\/\/litrax.ch\/wp-content\/uploads\/2024\/03\/facivon.png","contentUrl":"https:\/\/litrax.ch\/wp-content\/uploads\/2024\/03\/facivon.png","width":150,"height":150,"caption":"Litrax - Hydroponische Systeme"},"image":{"@id":"https:\/\/litrax.ch\/it\/#\/schema\/logo\/image\/"},"sameAs":["https:\/\/www.facebook.com\/Litrax.ch","https:\/\/www.instagram.com\/litrax.ch\/","https:\/\/www.tiktok.com\/@litrax.ch"],"description":"Willkommen bei Litrax \u2013 Ihrem f\u00fchrenden Online-Shop f\u00fcr hochwertige hydroponische Gartensysteme! Wir bieten eine breite Palette an L\u00f6sungen f\u00fcr Privatpersonen, Restaurants und industrielle Gro\u00dfsysteme, um Ihnen zu helfen, Ihre eigene gr\u00fcne Oase zu schaffen, unabh\u00e4ngig von Ihrem Bedarf oder Ihrer Gr\u00f6\u00dfe. F\u00fcr Haushalte\/B\u00fcros: Entdecken Sie die Freude am G\u00e4rtnern in Ihrem eigenen Zuhause mit unseren einfach zu bedienenden hydroponischen Gartensystemen. Egal, ob Sie auf einem Balkon, einer Terrasse oder in Ihrem Wohnzimmer g\u00e4rtnern m\u00f6chten \u2013 wir haben das passende System f\u00fcr Sie. Genie\u00dfen Sie frisches Gem\u00fcse, aromatische Kr\u00e4uter und farbenfrohe Blumen das ganze Jahr \u00fcber, direkt aus Ihrem hydroponischen Garten. F\u00fcr Restaurants: Steigern Sie die Qualit\u00e4t Ihrer Gerichte und beeindrucken Sie Ihre G\u00e4ste mit frischen, geschmacksintensiven Zutaten aus unserem Sortiment an hydroponischen Gartensystemen f\u00fcr den gastronomischen Bereich. Unsere Systeme sind platzsparend, effizient und einfach zu bedienen, so dass Sie Ihre eigenen Zutaten direkt in Ihrer K\u00fcche anbauen k\u00f6nnen. Erleben Sie die Freude an nachhaltigem G\u00e4rtnern und lassen Sie Ihre kulinarischen Kreationen erstrahlen. Industrielle Gro\u00dfsysteme: Optimieren Sie Ihre landwirtschaftliche Produktion mit unseren ma\u00dfgeschneiderten hydroponischen Gro\u00dfsystemen. Von vertikalen Farmen bis hin zu automatisierten Anlagen bieten wir skalierbare L\u00f6sungen f\u00fcr maximale Effizienz und Produktivit\u00e4t. Nutzen Sie die Vorteile der hydroponischen Landwirtschaft, um Ihre Ernteertr\u00e4ge zu steigern, Platz zu sparen und Ressourcen zu optimieren. Erfahren Sie, wie unsere Systeme die Zukunft der industriellen Landwirtschaft gestalten k\u00f6nnen. Bei Litrax legen wir Wert auf Qualit\u00e4t und Kundenzufriedenheit. Unsere Produkte sind sorgf\u00e4ltig ausgew\u00e4hlt, um Ihnen die besten Ergebnisse zu garantieren, und wir bieten sie zu g\u00fcnstigen Preisen an. Dank unseres eigenen Lagers in der Schweiz k\u00f6nnen wir Ihnen eine schnelle Lieferung am n\u00e4chsten Tag garantieren.","legalName":"Resyx GmbH","foundingDate":"2022-12-22","numberOfEmployees":{"@type":"QuantitativeValue","minValue":"1","maxValue":"10"}}]},"product_price_amount":"139.00","product_price_currency":"CHF","og_availability":"instock","product_availability":"instock","product_retailer_item_id":"LD202-03","product_condition":"new"},"_links":{"self":[{"href":"https:\/\/litrax.ch\/it\/wp-json\/wp\/v2\/product\/25727","targetHints":{"allow":["GET"]}}],"collection":[{"href":"https:\/\/litrax.ch\/it\/wp-json\/wp\/v2\/product"}],"about":[{"href":"https:\/\/litrax.ch\/it\/wp-json\/wp\/v2\/types\/product"}],"replies":[{"embeddable":true,"href":"https:\/\/litrax.ch\/it\/wp-json\/wp\/v2\/comments?post=25727"}],"wp:featuredmedia":[{"embeddable":true,"href":"https:\/\/litrax.ch\/it\/wp-json\/wp\/v2\/media\/25769"}],"wp:attachment":[{"href":"https:\/\/litrax.ch\/it\/wp-json\/wp\/v2\/media?parent=25727"}],"wp:term":[{"taxonomy":"product_brand","embeddable":true,"href":"https:\/\/litrax.ch\/it\/wp-json\/wp\/v2\/product_brand?post=25727"},{"taxonomy":"product_cat","embeddable":true,"href":"https:\/\/litrax.ch\/it\/wp-json\/wp\/v2\/product_cat?post=25727"},{"taxonomy":"product_tag","embeddable":true,"href":"https:\/\/litrax.ch\/it\/wp-json\/wp\/v2\/product_tag?post=25727"}],"curies":[{"name":"wp","href":"https:\/\/api.w.org\/{rel}","templated":true}]}}