{"id":25947,"date":"2026-04-06T15:10:33","date_gmt":"2026-04-06T15:10:33","guid":{"rendered":"https:\/\/litrax.ch\/?post_type=product&#038;p=25947"},"modified":"2026-04-09T22:04:32","modified_gmt":"2026-04-09T22:04:32","slug":"raphael-fattoria-verticale-120-kopie","status":"publish","type":"product","link":"https:\/\/litrax.ch\/it\/shop\/raphael-fattoria-verticale-120-kopie\/","title":{"rendered":"VALERIA Farm verticale 64"},"content":{"rendered":"<h2 dir=\"auto\"><strong>VALERIA Farm verticale 64<\/strong><\/h2>\n<h3 dir=\"auto\"><strong>La fattoria verticale per la cucina e il balcone<\/strong><\/h3>\n<p dir=\"auto\">Verdure fresche dalla tua cucina \u2013 tutto l\u2019anno.<\/p>\n<p dir=\"auto\">La <strong>VALERIA Vertical Farm 64<\/strong> \u00e8 il sistema di coltivazione indoor di alta qualit\u00e0 e completamente automatico, pensato proprio per chi ama le piante pi\u00f9 grandi. Per questo \u00e8 perfetta in cucina, in soggiorno e, in stagione, anche su balcone o terrazza. Con 4 livelli e 2 \u00d7 8 supporti con fori per livello, offre spazio per <strong>64 piante pi\u00f9 grandi in cestelli di argilla espansa<\/strong>. Cos\u00ec pomodori, peperoni, erbe aromatiche, insalate, fragole o persino piccole piante da fiore e meloni crescono davvero alla grande.   <\/p>\n<p dir=\"auto\">Senza terra e senza esperienza \u2013 basta posizionarla e godertela. Le efficienti luci LED di crescita con timer e la pompa potente fanno crescere le tue piante in modo rapido, vigoroso e sano. Inoltre, su balcone o terrazza puoi ridurre l\u2019illuminazione LED in base al sole o spegnerla del tutto. Cos\u00ec risparmi anche energia!   <\/p>\n<h3>Caratteristiche principali<\/h3>\n<p dir=\"auto\"><strong>Tecnica del film nutritivo (NFT)<\/strong> La farm VALERIA lavora con la collaudata tecnica NFT: le radici vengono alimentate in modo continuo da un sottile film di acqua e nutrienti. Il risultato? Crescita pi\u00f9 rapida, piante pi\u00f9 sane e fino a <strong>l\u201980% di consumo d\u2019acqua in meno<\/strong> rispetto alla coltivazione tradizionale in terra. In pi\u00f9 rispetti l\u2019ambiente \u2013 idroponica e sostenibile.   <\/p>\n<p dir=\"auto\"><strong>Sistema completamente automatico<\/strong> Una volta montata, fa quasi tutto da sola. Timer flessibile per l\u2019illuminazione, pompa potente e serbatoi intelligenti garantiscono un apporto perfetto 24\/7. Il sistema di allarme integrato ti avvisa per tempo quando serve rabboccare acqua o nutrienti \u2013 zero stress.  <\/p>\n<p dir=\"auto\"><strong>Design modulare<\/strong> Inizia con 1 o 2 livelli oppure usa subito tutti e quattro. Le luci LED forniscono l\u2019intero spettro solare e favoriscono una fotosintesi vigorosa in ogni stagione. Un livello per microgreens, gli altri per piante grandi e produttive \u2013 decidi tu.  <\/p>\n<p dir=\"auto\"><strong>Substrati flessibili \u2013 ottimizzati per piante grandi<\/strong> Progettata di serie per <strong>cestelli in argilla espansa<\/strong> \u2013 perfetti per piante pi\u00f9 grandi e pesanti come le brassicacee. In alternativa puoi usare anche lana di roccia o spugne di crescita. L\u2019argilla espansa offre supporto stabile e un\u2019ossigenazione ottimale per radici forti.  <\/p>\n<p dir=\"auto\"><strong>Ampia capacit\u00e0 d\u2019acqua &amp; basso consumo energetico<\/strong> Quattro serbatoi per un totale di 47,8 L (23,8 L + 3 \u00d7 8 L) con allarme mancanza d\u2019acqua. A pieno carico solo <strong>105 W<\/strong> \u2013 i singoli moduli LED sono persino sotto i 12 W. Estremamente parsimoniosa e silenziosa come una discreta fontanella da interno. <\/p>\n<p dir=\"auto\"><strong>Pratica ogni giorno &amp; durevole<\/strong> 2 anni di garanzia, ricambi disponibili a lungo termine e montaggio semplice in 1\u20132 ore (da solo) o 30\u201360 minuti (in due). Video di montaggio passo passo: <a href=\"https:\/\/litrax.ch\/it\/video-sullidroponica\/\" target=\"_blank\" rel=\"noopener noreferrer nofollow\">https:\/\/litrax.ch\/de\/hydroponische-videos\/<\/a>. Ideale per l\u2019uso continuativo in cucina e in casa.  <\/p>\n<h3>Accessori opzionali per l&#8217;espansione della farm<\/h3>\n<p>Con il vassoio <a href=\"https:\/\/litrax.ch\/it\/shop\/set-di-rifornimento-andrea-30-kopie-kopie-kopie-kopie\/\"><strong>LAX210-15L<\/strong><\/a> e il kit di ricarica ANDREA <a href=\"https:\/\/litrax.ch\/it\/shop\/andrea-set-di-crescita\/\"><strong>LAX-01<\/strong><\/a> puoi ampliare una parte o tutta la fattoria verticale VALERIA per piante pi\u00f9 piccole fino a <strong>120 piante.<\/strong> Cos\u00ec la trasformi facilmente in una fattoria RAPHAEL.<\/p>\n<p dir=\"auto\"><strong>Per chi \u00e8 perfetta la VALERIA Farm verticale 64?<\/strong><\/p>\n<ul dir=\"auto\">\n<li>Per chi vuole piante pi\u00f9 grandi e un vero raccolto in cucina<\/li>\n<li>Per famiglie senza giardino che vogliono comunque gustare verdure fresche coltivate in casa<\/li>\n<li>Per chi ha poco tempo ma non vuole rinunciare a qualit\u00e0 e gusto<\/li>\n<li>Per chi cerca un sistema professionale e affidabile, non un kit fai-da-te<\/li>\n<\/ul>\n<p dir=\"auto\">Cos\u00ec il giardinaggio indoor diventa semplice, efficiente e sostenibile.<\/p>\n<p dir=\"auto\"><strong>Scoprila ora<\/strong> Goditi tutto l\u2019anno piante fresche, sane e aromatiche \u2013 direttamente dalla tua cucina o dal balcone. Perch\u00e9 la VALERIA Vertical Farm 64 unisce la pi\u00f9 moderna tecnologia idroponica, facilit\u00e0 d\u2019uso e design salvaspazio per la vera gioia di coltivare a casa. <\/p>\n<p dir=\"auto\"><strong>Assicurati la tua VALERIA Farm verticale 64 \u2013 la posizioni e raccogli in automatico!<\/strong> <strong>Qualit\u00e0 premium delle verdure. Semplice. Efficiente. Sostenibile.   <\/strong><\/p>\n<div class=\"video-container responsive-embed widescreen\"><iframe title=\"LITRAX LX210 Instruction\" width=\"900\" height=\"506\" src=\"https:\/\/www.youtube.com\/embed\/PUbtjTM3zKI?feature=oembed\" frameborder=\"0\" allow=\"accelerometer; autoplay; clipboard-write; encrypted-media; gyroscope; picture-in-picture; web-share\" referrerpolicy=\"strict-origin-when-cross-origin\" allowfullscreen><\/iframe><\/div>\n","protected":false},"excerpt":{"rendered":"<p>VALERIA Farm verticale 64 La fattoria verticale per la cucina e il balcone Verdure fresche dalla tua cucina \u2013 tutto l\u2019anno. La VALERIA Vertical Farm 64 \u00e8 il sistema di coltivazione indoor di alta qualit\u00e0 e completamente automatico, pensato proprio per chi ama le piante pi\u00f9 grandi. Per questo \u00e8 perfetta in cucina, in soggiorno [&hellip;]<\/p>\n","protected":false},"featured_media":17800,"comment_status":"open","ping_status":"closed","template":"","meta":[],"product_brand":[],"product_cat":[850,157,125],"product_tag":[755,514,399],"class_list":{"0":"post-25947","1":"product","2":"type-product","3":"status-publish","4":"has-post-thumbnail","6":"product_cat-automazione","7":"product_cat-gastronomia-industria","8":"product_cat-idroponica","9":"product_tag-indoor-it-2","10":"product_tag-fattoria-verticale","11":"product_tag-gastronomia","12":"product_shipping_class-articoli-di-grandi-dimensioni-peso-a-partire-da-20-kg-pezzo-o-articoli-per-2-persone","14":"first","15":"instock","16":"taxable","17":"shipping-taxable","18":"purchasable","19":"product-type-simple"},"yoast_head":"<!-- This site is optimized with the Yoast SEO Premium plugin v26.7 (Yoast SEO v27.4) - https:\/\/yoast.com\/product\/yoast-seo-premium-wordpress\/ -->\n<title>La fattoria verticale VALERIA 64 - Idroponica per piante grandi<\/title>\n<meta name=\"description\" content=\"VALERIA Farm verticale 64 su 4 livelli con 64 cestelli in argilla espansa per piante grandi. Idroponica perfetta per cucina &amp; balcone. Verdure fresche tutto l\u2019anno.\" \/>\n<meta name=\"robots\" content=\"index, follow, max-snippet:-1, max-image-preview:large, max-video-preview:-1\" \/>\n<link rel=\"canonical\" href=\"https:\/\/litrax.ch\/it\/shop\/raphael-fattoria-verticale-120-kopie\/\" \/>\n<meta property=\"og:locale\" content=\"it_IT\" \/>\n<meta property=\"og:type\" content=\"article\" \/>\n<meta property=\"og:title\" content=\"VALERIA Farm verticale 64\" \/>\n<meta property=\"og:description\" content=\"VALERIA Farm verticale 64 su 4 livelli con 64 cestelli in argilla espansa per piante grandi. Idroponica perfetta per cucina &amp; balcone. Verdure fresche tutto l\u2019anno.\" \/>\n<meta property=\"og:url\" content=\"https:\/\/litrax.ch\/it\/shop\/raphael-fattoria-verticale-120-kopie\/\" \/>\n<meta property=\"og:site_name\" content=\"Litrax - Hydroponische Systeme\" \/>\n<meta property=\"article:publisher\" content=\"https:\/\/www.facebook.com\/Litrax.ch\" \/>\n<meta property=\"article:modified_time\" content=\"2026-04-09T22:04:32+00:00\" \/>\n<meta property=\"og:image\" content=\"https:\/\/litrax.ch\/wp-content\/uploads\/2024\/01\/LX210_Trans.png\" \/>\n\t<meta property=\"og:image:width\" content=\"1000\" \/>\n\t<meta property=\"og:image:height\" content=\"666\" \/>\n\t<meta property=\"og:image:type\" content=\"image\/png\" \/>\n<meta name=\"twitter:card\" content=\"summary_large_image\" \/>\n<meta name=\"twitter:label1\" content=\"Prezzo\" \/>\n\t<meta name=\"twitter:data1\" content=\"&#067;&#072;&#070;&nbsp;850.00\" \/>\n\t<meta name=\"twitter:label2\" content=\"Disponibilit\u00e0\" \/>\n\t<meta name=\"twitter:data2\" content=\"In stock\" \/>\n<script type=\"application\/ld+json\" class=\"yoast-schema-graph\">{\"@context\":\"https:\\\/\\\/schema.org\",\"@graph\":[{\"@type\":\"WebPage\",\"@id\":\"https:\\\/\\\/litrax.ch\\\/it\\\/shop\\\/raphael-fattoria-verticale-120-kopie\\\/\",\"url\":\"https:\\\/\\\/litrax.ch\\\/it\\\/shop\\\/raphael-fattoria-verticale-120-kopie\\\/\",\"name\":\"La fattoria verticale VALERIA 64 - Idroponica per piante grandi\",\"isPartOf\":{\"@id\":\"https:\\\/\\\/litrax.ch\\\/it\\\/#website\"},\"primaryImageOfPage\":{\"@id\":\"https:\\\/\\\/litrax.ch\\\/it\\\/shop\\\/raphael-fattoria-verticale-120-kopie\\\/#primaryimage\"},\"image\":{\"@id\":\"https:\\\/\\\/litrax.ch\\\/it\\\/shop\\\/raphael-fattoria-verticale-120-kopie\\\/#primaryimage\"},\"thumbnailUrl\":\"https:\\\/\\\/litrax.ch\\\/wp-content\\\/uploads\\\/2024\\\/01\\\/LX210_Trans.png\",\"datePublished\":\"2026-04-06T15:10:33+00:00\",\"dateModified\":\"2026-04-09T22:04:32+00:00\",\"description\":\"VALERIA Farm verticale 64 su 4 livelli con 64 cestelli in argilla espansa per piante grandi. Idroponica perfetta per cucina & balcone. Verdure fresche tutto l\u2019anno.\",\"breadcrumb\":{\"@id\":\"https:\\\/\\\/litrax.ch\\\/it\\\/shop\\\/raphael-fattoria-verticale-120-kopie\\\/#breadcrumb\"},\"inLanguage\":\"it-IT\",\"potentialAction\":[{\"@type\":\"ReadAction\",\"target\":[\"https:\\\/\\\/litrax.ch\\\/it\\\/shop\\\/raphael-fattoria-verticale-120-kopie\\\/\"]}]},{\"@type\":\"ImageObject\",\"inLanguage\":\"it-IT\",\"@id\":\"https:\\\/\\\/litrax.ch\\\/it\\\/shop\\\/raphael-fattoria-verticale-120-kopie\\\/#primaryimage\",\"url\":\"https:\\\/\\\/litrax.ch\\\/wp-content\\\/uploads\\\/2024\\\/01\\\/LX210_Trans.png\",\"contentUrl\":\"https:\\\/\\\/litrax.ch\\\/wp-content\\\/uploads\\\/2024\\\/01\\\/LX210_Trans.png\",\"width\":1000,\"height\":666},{\"@type\":\"BreadcrumbList\",\"@id\":\"https:\\\/\\\/litrax.ch\\\/it\\\/shop\\\/raphael-fattoria-verticale-120-kopie\\\/#breadcrumb\",\"itemListElement\":[{\"@type\":\"ListItem\",\"position\":1,\"name\":\"Startseite\",\"item\":\"https:\\\/\\\/litrax.ch\\\/it\\\/casa\\\/\"},{\"@type\":\"ListItem\",\"position\":2,\"name\":\"Negozio\",\"item\":\"https:\\\/\\\/litrax.ch\\\/it\\\/negozio\\\/\"},{\"@type\":\"ListItem\",\"position\":3,\"name\":\"VALERIA Farm verticale 64\"}]},{\"@type\":\"WebSite\",\"@id\":\"https:\\\/\\\/litrax.ch\\\/it\\\/#website\",\"url\":\"https:\\\/\\\/litrax.ch\\\/it\\\/\",\"name\":\"Litrax - Hydroponische Systeme\",\"description\":\"Erlebe Hydroponik - der erdlose Gartengenuss.\",\"publisher\":{\"@id\":\"https:\\\/\\\/litrax.ch\\\/it\\\/#organization\"},\"alternateName\":\"Litrax\",\"potentialAction\":[{\"@type\":\"SearchAction\",\"target\":{\"@type\":\"EntryPoint\",\"urlTemplate\":\"https:\\\/\\\/litrax.ch\\\/it\\\/?s={search_term_string}\"},\"query-input\":{\"@type\":\"PropertyValueSpecification\",\"valueRequired\":true,\"valueName\":\"search_term_string\"}}],\"inLanguage\":\"it-IT\"},{\"@type\":\"Organization\",\"@id\":\"https:\\\/\\\/litrax.ch\\\/it\\\/#organization\",\"name\":\"Litrax - Hydroponische Systeme\",\"alternateName\":\"Litrax\",\"url\":\"https:\\\/\\\/litrax.ch\\\/it\\\/\",\"logo\":{\"@type\":\"ImageObject\",\"inLanguage\":\"it-IT\",\"@id\":\"https:\\\/\\\/litrax.ch\\\/it\\\/#\\\/schema\\\/logo\\\/image\\\/\",\"url\":\"https:\\\/\\\/litrax.ch\\\/wp-content\\\/uploads\\\/2024\\\/03\\\/facivon.png\",\"contentUrl\":\"https:\\\/\\\/litrax.ch\\\/wp-content\\\/uploads\\\/2024\\\/03\\\/facivon.png\",\"width\":150,\"height\":150,\"caption\":\"Litrax - Hydroponische Systeme\"},\"image\":{\"@id\":\"https:\\\/\\\/litrax.ch\\\/it\\\/#\\\/schema\\\/logo\\\/image\\\/\"},\"sameAs\":[\"https:\\\/\\\/www.facebook.com\\\/Litrax.ch\",\"https:\\\/\\\/www.instagram.com\\\/litrax.ch\\\/\",\"https:\\\/\\\/www.tiktok.com\\\/@litrax.ch\"],\"description\":\"Willkommen bei Litrax \u2013 Ihrem f\u00fchrenden Online-Shop f\u00fcr hochwertige hydroponische Gartensysteme! Wir bieten eine breite Palette an L\u00f6sungen f\u00fcr Privatpersonen, Restaurants und industrielle Gro\u00dfsysteme, um Ihnen zu helfen, Ihre eigene gr\u00fcne Oase zu schaffen, unabh\u00e4ngig von Ihrem Bedarf oder Ihrer Gr\u00f6\u00dfe. F\u00fcr Haushalte\\\/B\u00fcros: Entdecken Sie die Freude am G\u00e4rtnern in Ihrem eigenen Zuhause mit unseren einfach zu bedienenden hydroponischen Gartensystemen. Egal, ob Sie auf einem Balkon, einer Terrasse oder in Ihrem Wohnzimmer g\u00e4rtnern m\u00f6chten \u2013 wir haben das passende System f\u00fcr Sie. Genie\u00dfen Sie frisches Gem\u00fcse, aromatische Kr\u00e4uter und farbenfrohe Blumen das ganze Jahr \u00fcber, direkt aus Ihrem hydroponischen Garten. F\u00fcr Restaurants: Steigern Sie die Qualit\u00e4t Ihrer Gerichte und beeindrucken Sie Ihre G\u00e4ste mit frischen, geschmacksintensiven Zutaten aus unserem Sortiment an hydroponischen Gartensystemen f\u00fcr den gastronomischen Bereich. Unsere Systeme sind platzsparend, effizient und einfach zu bedienen, so dass Sie Ihre eigenen Zutaten direkt in Ihrer K\u00fcche anbauen k\u00f6nnen. Erleben Sie die Freude an nachhaltigem G\u00e4rtnern und lassen Sie Ihre kulinarischen Kreationen erstrahlen. Industrielle Gro\u00dfsysteme: Optimieren Sie Ihre landwirtschaftliche Produktion mit unseren ma\u00dfgeschneiderten hydroponischen Gro\u00dfsystemen. Von vertikalen Farmen bis hin zu automatisierten Anlagen bieten wir skalierbare L\u00f6sungen f\u00fcr maximale Effizienz und Produktivit\u00e4t. Nutzen Sie die Vorteile der hydroponischen Landwirtschaft, um Ihre Ernteertr\u00e4ge zu steigern, Platz zu sparen und Ressourcen zu optimieren. Erfahren Sie, wie unsere Systeme die Zukunft der industriellen Landwirtschaft gestalten k\u00f6nnen. Bei Litrax legen wir Wert auf Qualit\u00e4t und Kundenzufriedenheit. Unsere Produkte sind sorgf\u00e4ltig ausgew\u00e4hlt, um Ihnen die besten Ergebnisse zu garantieren, und wir bieten sie zu g\u00fcnstigen Preisen an. Dank unseres eigenen Lagers in der Schweiz k\u00f6nnen wir Ihnen eine schnelle Lieferung am n\u00e4chsten Tag garantieren.\",\"legalName\":\"Resyx GmbH\",\"foundingDate\":\"2022-12-22\",\"numberOfEmployees\":{\"@type\":\"QuantitativeValue\",\"minValue\":\"1\",\"maxValue\":\"10\"}}]}<\/script>\n<meta property=\"og:video\" content=\"https:\/\/www.youtube.com\/embed\/PUbtjTM3zKI\" \/>\n<meta property=\"og:video:type\" content=\"text\/html\" \/>\n<meta property=\"og:video:duration\" content=\"56\" \/>\n<meta property=\"og:video:width\" content=\"480\" \/>\n<meta property=\"og:video:height\" content=\"270\" \/>\n<meta property=\"ya:ovs:adult\" content=\"false\" \/>\n<meta property=\"ya:ovs:upload_date\" content=\"2026-04-06T15:10:33+00:00\" \/>\n<meta property=\"ya:ovs:allow_embed\" content=\"true\" \/>\n<meta property=\"product:price:amount\" content=\"850.00\" \/>\n<meta property=\"product:price:currency\" content=\"CHF\" \/>\n<meta property=\"og:availability\" content=\"instock\" \/>\n<meta property=\"product:availability\" content=\"instock\" \/>\n<meta property=\"product:retailer_item_id\" content=\"LX210P-04-64\" \/>\n<meta property=\"product:condition\" content=\"new\" \/>\n<!-- \/ Yoast SEO Premium plugin. -->","yoast_head_json":{"title":"La fattoria verticale VALERIA 64 - Idroponica per piante grandi","description":"VALERIA Farm verticale 64 su 4 livelli con 64 cestelli in argilla espansa per piante grandi. Idroponica perfetta per cucina & balcone. Verdure fresche tutto l\u2019anno.","robots":{"index":"index","follow":"follow","max-snippet":"max-snippet:-1","max-image-preview":"max-image-preview:large","max-video-preview":"max-video-preview:-1"},"canonical":"https:\/\/litrax.ch\/it\/shop\/raphael-fattoria-verticale-120-kopie\/","og_locale":"it_IT","og_type":"article","og_title":"VALERIA Farm verticale 64","og_description":"VALERIA Farm verticale 64 su 4 livelli con 64 cestelli in argilla espansa per piante grandi. Idroponica perfetta per cucina & balcone. Verdure fresche tutto l\u2019anno.","og_url":"https:\/\/litrax.ch\/it\/shop\/raphael-fattoria-verticale-120-kopie\/","og_site_name":"Litrax - Hydroponische Systeme","article_publisher":"https:\/\/www.facebook.com\/Litrax.ch","article_modified_time":"2026-04-09T22:04:32+00:00","og_image":[{"width":1000,"height":666,"url":"https:\/\/litrax.ch\/wp-content\/uploads\/2024\/01\/LX210_Trans.png","type":"image\/png"}],"twitter_card":"summary_large_image","twitter_misc":{"Prezzo":"&#67;&#72;&#70;&nbsp;850.00","Disponibilit\u00e0":"In stock"},"schema":{"@context":"https:\/\/schema.org","@graph":[{"@type":"WebPage","@id":"https:\/\/litrax.ch\/it\/shop\/raphael-fattoria-verticale-120-kopie\/","url":"https:\/\/litrax.ch\/it\/shop\/raphael-fattoria-verticale-120-kopie\/","name":"La fattoria verticale VALERIA 64 - Idroponica per piante grandi","isPartOf":{"@id":"https:\/\/litrax.ch\/it\/#website"},"primaryImageOfPage":{"@id":"https:\/\/litrax.ch\/it\/shop\/raphael-fattoria-verticale-120-kopie\/#primaryimage"},"image":{"@id":"https:\/\/litrax.ch\/it\/shop\/raphael-fattoria-verticale-120-kopie\/#primaryimage"},"thumbnailUrl":"https:\/\/litrax.ch\/wp-content\/uploads\/2024\/01\/LX210_Trans.png","datePublished":"2026-04-06T15:10:33+00:00","dateModified":"2026-04-09T22:04:32+00:00","description":"VALERIA Farm verticale 64 su 4 livelli con 64 cestelli in argilla espansa per piante grandi. Idroponica perfetta per cucina & balcone. Verdure fresche tutto l\u2019anno.","breadcrumb":{"@id":"https:\/\/litrax.ch\/it\/shop\/raphael-fattoria-verticale-120-kopie\/#breadcrumb"},"inLanguage":"it-IT","potentialAction":[{"@type":"ReadAction","target":["https:\/\/litrax.ch\/it\/shop\/raphael-fattoria-verticale-120-kopie\/"]}]},{"@type":"ImageObject","inLanguage":"it-IT","@id":"https:\/\/litrax.ch\/it\/shop\/raphael-fattoria-verticale-120-kopie\/#primaryimage","url":"https:\/\/litrax.ch\/wp-content\/uploads\/2024\/01\/LX210_Trans.png","contentUrl":"https:\/\/litrax.ch\/wp-content\/uploads\/2024\/01\/LX210_Trans.png","width":1000,"height":666},{"@type":"BreadcrumbList","@id":"https:\/\/litrax.ch\/it\/shop\/raphael-fattoria-verticale-120-kopie\/#breadcrumb","itemListElement":[{"@type":"ListItem","position":1,"name":"Startseite","item":"https:\/\/litrax.ch\/it\/casa\/"},{"@type":"ListItem","position":2,"name":"Negozio","item":"https:\/\/litrax.ch\/it\/negozio\/"},{"@type":"ListItem","position":3,"name":"VALERIA Farm verticale 64"}]},{"@type":"WebSite","@id":"https:\/\/litrax.ch\/it\/#website","url":"https:\/\/litrax.ch\/it\/","name":"Litrax - Hydroponische Systeme","description":"Erlebe Hydroponik - der erdlose Gartengenuss.","publisher":{"@id":"https:\/\/litrax.ch\/it\/#organization"},"alternateName":"Litrax","potentialAction":[{"@type":"SearchAction","target":{"@type":"EntryPoint","urlTemplate":"https:\/\/litrax.ch\/it\/?s={search_term_string}"},"query-input":{"@type":"PropertyValueSpecification","valueRequired":true,"valueName":"search_term_string"}}],"inLanguage":"it-IT"},{"@type":"Organization","@id":"https:\/\/litrax.ch\/it\/#organization","name":"Litrax - Hydroponische Systeme","alternateName":"Litrax","url":"https:\/\/litrax.ch\/it\/","logo":{"@type":"ImageObject","inLanguage":"it-IT","@id":"https:\/\/litrax.ch\/it\/#\/schema\/logo\/image\/","url":"https:\/\/litrax.ch\/wp-content\/uploads\/2024\/03\/facivon.png","contentUrl":"https:\/\/litrax.ch\/wp-content\/uploads\/2024\/03\/facivon.png","width":150,"height":150,"caption":"Litrax - Hydroponische Systeme"},"image":{"@id":"https:\/\/litrax.ch\/it\/#\/schema\/logo\/image\/"},"sameAs":["https:\/\/www.facebook.com\/Litrax.ch","https:\/\/www.instagram.com\/litrax.ch\/","https:\/\/www.tiktok.com\/@litrax.ch"],"description":"Willkommen bei Litrax \u2013 Ihrem f\u00fchrenden Online-Shop f\u00fcr hochwertige hydroponische Gartensysteme! Wir bieten eine breite Palette an L\u00f6sungen f\u00fcr Privatpersonen, Restaurants und industrielle Gro\u00dfsysteme, um Ihnen zu helfen, Ihre eigene gr\u00fcne Oase zu schaffen, unabh\u00e4ngig von Ihrem Bedarf oder Ihrer Gr\u00f6\u00dfe. F\u00fcr Haushalte\/B\u00fcros: Entdecken Sie die Freude am G\u00e4rtnern in Ihrem eigenen Zuhause mit unseren einfach zu bedienenden hydroponischen Gartensystemen. Egal, ob Sie auf einem Balkon, einer Terrasse oder in Ihrem Wohnzimmer g\u00e4rtnern m\u00f6chten \u2013 wir haben das passende System f\u00fcr Sie. Genie\u00dfen Sie frisches Gem\u00fcse, aromatische Kr\u00e4uter und farbenfrohe Blumen das ganze Jahr \u00fcber, direkt aus Ihrem hydroponischen Garten. F\u00fcr Restaurants: Steigern Sie die Qualit\u00e4t Ihrer Gerichte und beeindrucken Sie Ihre G\u00e4ste mit frischen, geschmacksintensiven Zutaten aus unserem Sortiment an hydroponischen Gartensystemen f\u00fcr den gastronomischen Bereich. Unsere Systeme sind platzsparend, effizient und einfach zu bedienen, so dass Sie Ihre eigenen Zutaten direkt in Ihrer K\u00fcche anbauen k\u00f6nnen. Erleben Sie die Freude an nachhaltigem G\u00e4rtnern und lassen Sie Ihre kulinarischen Kreationen erstrahlen. Industrielle Gro\u00dfsysteme: Optimieren Sie Ihre landwirtschaftliche Produktion mit unseren ma\u00dfgeschneiderten hydroponischen Gro\u00dfsystemen. Von vertikalen Farmen bis hin zu automatisierten Anlagen bieten wir skalierbare L\u00f6sungen f\u00fcr maximale Effizienz und Produktivit\u00e4t. Nutzen Sie die Vorteile der hydroponischen Landwirtschaft, um Ihre Ernteertr\u00e4ge zu steigern, Platz zu sparen und Ressourcen zu optimieren. Erfahren Sie, wie unsere Systeme die Zukunft der industriellen Landwirtschaft gestalten k\u00f6nnen. Bei Litrax legen wir Wert auf Qualit\u00e4t und Kundenzufriedenheit. Unsere Produkte sind sorgf\u00e4ltig ausgew\u00e4hlt, um Ihnen die besten Ergebnisse zu garantieren, und wir bieten sie zu g\u00fcnstigen Preisen an. Dank unseres eigenen Lagers in der Schweiz k\u00f6nnen wir Ihnen eine schnelle Lieferung am n\u00e4chsten Tag garantieren.","legalName":"Resyx GmbH","foundingDate":"2022-12-22","numberOfEmployees":{"@type":"QuantitativeValue","minValue":"1","maxValue":"10"}}]},"og_video":"https:\/\/www.youtube.com\/embed\/PUbtjTM3zKI","og_video_type":"text\/html","og_video_duration":"56","og_video_width":"480","og_video_height":"270","ya_ovs_adult":"false","ya_ovs_upload_date":"2026-04-06T15:10:33+00:00","ya_ovs_allow_embed":"true","product_price_amount":"850.00","product_price_currency":"CHF","og_availability":"instock","product_availability":"instock","product_retailer_item_id":"LX210P-04-64","product_condition":"new"},"_links":{"self":[{"href":"https:\/\/litrax.ch\/it\/wp-json\/wp\/v2\/product\/25947","targetHints":{"allow":["GET"]}}],"collection":[{"href":"https:\/\/litrax.ch\/it\/wp-json\/wp\/v2\/product"}],"about":[{"href":"https:\/\/litrax.ch\/it\/wp-json\/wp\/v2\/types\/product"}],"replies":[{"embeddable":true,"href":"https:\/\/litrax.ch\/it\/wp-json\/wp\/v2\/comments?post=25947"}],"wp:featuredmedia":[{"embeddable":true,"href":"https:\/\/litrax.ch\/it\/wp-json\/wp\/v2\/media\/17800"}],"wp:attachment":[{"href":"https:\/\/litrax.ch\/it\/wp-json\/wp\/v2\/media?parent=25947"}],"wp:term":[{"taxonomy":"product_brand","embeddable":true,"href":"https:\/\/litrax.ch\/it\/wp-json\/wp\/v2\/product_brand?post=25947"},{"taxonomy":"product_cat","embeddable":true,"href":"https:\/\/litrax.ch\/it\/wp-json\/wp\/v2\/product_cat?post=25947"},{"taxonomy":"product_tag","embeddable":true,"href":"https:\/\/litrax.ch\/it\/wp-json\/wp\/v2\/product_tag?post=25947"}],"curies":[{"name":"wp","href":"https:\/\/api.w.org\/{rel}","templated":true}]}}